{"id":16,"date":"2022-03-15T14:31:26","date_gmt":"2022-03-15T13:31:26","guid":{"rendered":"http:\/\/kdo-kalle.de\/?page_id=16"},"modified":"2025-05-23T14:27:51","modified_gmt":"2025-05-23T12:27:51","slug":"impressum","status":"publish","type":"page","link":"https:\/\/jsv-lifa.de\/?page_id=16","title":{"rendered":"Impressum"},"content":{"rendered":"\n<h2 class=\"wp-block-heading\">Anschrift<\/h2>\n\n\n\n<p>Jugendsportverein Limbach-Fahrenbach e.V.<br>c\/o J\u00fcrgen Braach<br>Waldstrasse 10<br>74838 Limbach<br> <a href=\"mailto:info@jsv-limbach-fahrenbach.de\">info@jsv-limbach-fahrenbach.de<\/a><\/p>\n\n\n\n<h2 class=\"wp-block-heading\">Vertretungsberechtigter Vorstand<\/h2>\n\n\n\n<p>Maximilian Galm (Vorsitzender)<br>Stefan Ferstl (Vorsitzender)<\/p>\n\n\n\n<h2 class=\"wp-block-heading\">Satzung<\/h2>\n\n\n\n<div class=\"wp-block-file\"><a id=\"wp-block-file--media-5b39f9e4-2183-467e-9a21-6ede31b4bdaf\" href=\"https:\/\/jsv-lifa.de\/wp-content\/uploads\/2022\/03\/Satzung_JSV_LiFa_Stand_16.09.2019.pdf\">Satzung_JSV_LiFa_Stand_16.09.2019<\/a><a href=\"https:\/\/jsv-lifa.de\/wp-content\/uploads\/2022\/03\/Satzung_JSV_LiFa_Stand_16.09.2019.pdf\" class=\"wp-block-file__button wp-element-button\" download aria-describedby=\"wp-block-file--media-5b39f9e4-2183-467e-9a21-6ede31b4bdaf\">Herunterladen<\/a><\/div>\n\n\n\n<h2 class=\"wp-block-heading\">Registergericht<\/h2>\n\n\n\n<p>Amtsgericht Mannheim<br>Registernummer: VR 702618<\/p>\n\n\n\n<h2 class=\"wp-block-heading\">Datenschutzordnung<\/h2>\n\n\n\n<div class=\"wp-block-file\"><a id=\"wp-block-file--media-7c953f1f-423d-4892-9a2d-afab4620278a\" href=\"http:\/\/kdo-kalle.de\/wp-content\/uploads\/2022\/03\/Datenschutzordnung_JSV_LiFa_Stand_06.06.2019.pdf\">Datenschutzordnung_JSV_LiFa_Stand_06.06.2019<\/a><a href=\"http:\/\/kdo-kalle.de\/wp-content\/uploads\/2022\/03\/Datenschutzordnung_JSV_LiFa_Stand_06.06.2019.pdf\" class=\"wp-block-file__button wp-element-button\" download aria-describedby=\"wp-block-file--media-7c953f1f-423d-4892-9a2d-afab4620278a\">Herunterladen<\/a><\/div>\n\n\n\n<h2 class=\"wp-block-heading\">Datenschutzbeauftragter<\/h2>\n\n\n\n<p>Datenschutzbeauftragter des Sportkreis Mosbach e.V.<br><a href=\"mailto:dsb@sportkreis-mosbach.de\">dsb@sportkreis-mosbach.de<\/a><\/p>\n\n\n\n<h2 class=\"wp-block-heading\">Inhaltlich Verantwortlicher<\/h2>\n\n\n\n<p>Gem\u00e4\u00df \u00a7 5 Telemediengesetz (TMG) und \u00a7 55 des Staatsvertrages f\u00fcr Rundfunk und Telemedien (RStV):<br>Karl-Heinz Fingerle<\/p>\n\n\n\n<h2 class=\"wp-block-heading\">Haftungsausschluss<\/h2>\n\n\n\n<ol class=\"wp-block-list\">\n<li><strong>Inhalt des Onlineangebotes<\/strong><br>Der Jugendsportverein Limbach-Fahrenbach e.V., im Nachfolgenden JSV LiFa genannt, \u00fcbernimmt keinerlei Gew\u00e4hr f\u00fcr die Aktualit\u00e4t, Korrektheit, Vollst\u00e4ndigkeit oder Qualit\u00e4t der bereitgestellten Informationen. Haftungsanspr\u00fcche gegen den JSV LiFa, welche sich auf Sch\u00e4den materieller oder ideeller Art beziehen, die durch die Nutzung oder Nichtnutzung der dargebotenen Informationen bzw. durch die Nutzung fehlerhafter und unvollst\u00e4ndiger Informationen verursacht wurden, sind grunds\u00e4tzlich ausgeschlossen, sofern seitens dem JSV LiFa kein nachweislich vors\u00e4tzliches oder grob fahrl\u00e4ssiges Verschulden vorliegt. Alle Angebote sind freibleibend und unverbindlich. Der JSV LiFa beh\u00e4lt es sich ausdr\u00fccklich vor, Teile der Seiten oder das gesamte Angebot ohne gesonderte Ank\u00fcndigung zu ver\u00e4ndern, zu erg\u00e4nzen, zu l\u00f6schen oder die Ver\u00f6ffentlichung zeitweise oder endg\u00fcltig einzustellen.<br><\/li>\n\n\n\n<li><strong>Verweise und Links<\/strong><br>Bei direkten oder indirekten Verweisen auf fremde Internetseiten (&#8222;Links&#8220;), die au\u00dferhalb des Verantwortungsbereiches des JSV LiFa liegen, w\u00fcrde eine Haftungsverpflichtung ausschlie\u00dflich in dem Fall in Kraft treten, in dem der JSV LiFa von den Inhalten Kenntnis hat und es ihm technisch m\u00f6glich und zumutbar w\u00e4re, die Nutzung im Falle rechtswidriger Inhalte zu verhindern. Der JSV LiFa erkl\u00e4rt daher ausdr\u00fccklich, dass zum Zeitpunkt der Linksetzung die entsprechenden verlinkten Seiten frei von illegalen Inhalten waren. Der JSV LiFa hat keinerlei Einfluss auf die aktuelle und zuk\u00fcnftige Gestaltung und auf die Inhalte der gelinkten\/verkn\u00fcpften Seiten. Deshalb distanziert sie sich hiermit ausdr\u00fccklich von allen Inhalten aller gelinkten\/verkn\u00fcpften Seiten, die nach der Linksetzung ver\u00e4ndert wurden. Diese Feststellung gilt f\u00fcr alle innerhalb des eigenen Internetangebotes gesetzten Links und Verweise. F\u00fcr illegale, fehlerhafte oder unvollst\u00e4ndige Inhalte und insbesondere f\u00fcr Sch\u00e4den, die aus der Nutzung oder Nichtnutzung solcherart dargebotener Informationen entstehen, haftet allein der Anbieter der Seite, auf welche verwiesen wurde, nicht derjenige, der \u00fcber Links auf die jeweilige Ver\u00f6ffentlichung lediglich verweist.<br><\/li>\n\n\n\n<li><strong>Urheber- und Kennzeichenrecht<\/strong><br>Alle innerhalb des Internetangebotes genannten und ggf. durch Dritte gesch\u00fctzten Marken- und Warenzeichen unterliegen uneingeschr\u00e4nkt den Bestimmungen des jeweils g\u00fcltigen Kennzeichenrechts und den Besitzrechten der jeweiligen eingetragenen Eigent\u00fcmer. Allein aufgrund der blo\u00dfen Nennung ist nicht der Schluss zu ziehen, dass Markenzeichen nicht durch Rechte Dritter gesch\u00fctzt sind! Das Copyright f\u00fcr ver\u00f6ffentlichte, vom JSV LiFa selbst erstellte Objekte bleibt allein beim JSV LiFa. Eine Vervielf\u00e4ltigung oder Verwendung solcher Grafiken, Tondokumente, Videosequenzen und Texte in anderen elektronischen oder gedruckten Publikationen ist ohne ausdr\u00fcckliche Zustimmung des JSV LiFa nicht gestattet.<br><\/li>\n\n\n\n<li><strong>Datenschutz<\/strong><br>Sofern innerhalb dieses Internetangebotes die M\u00f6glichkeit zur Eingabe pers\u00f6nlicher oder gesch\u00e4ftlicher Daten (E-Mail-Adressen, Namen, Anschriften) besteht, so erfolgt die Preisgabe dieser Daten seitens des Nutzers auf ausdr\u00fccklich freiwilliger Basis. Die Inanspruchnahme und Bezahlung aller angebotenen Dienste ist &#8211; soweit technisch m\u00f6glich und zumutbar &#8211; auch ohne Angabe solcher Daten bzw. unter Angabe anonymisierter Daten oder eines Pseudonyms gestattet.<br><\/li>\n\n\n\n<li><strong>Rechtswirksamkeit dieses Haftungsausschlusses<\/strong><br>Sofern Teile oder einzelne Formulierungen dieses Textes der geltenden Rechtslage nicht, nicht mehr oder nicht vollst\u00e4ndig entsprechen sollten, bleiben die \u00fcbrigen Teile des Dokumentes in ihrem Inhalt und ihrer G\u00fcltigkeit davon unber\u00fchrt.<\/li>\n<\/ol>\n\n\n\n<p><\/p>\n","protected":false},"excerpt":{"rendered":"<p>Anschrift Jugendsportverein Limbach-Fahrenbach e.V.c\/o J\u00fcrgen BraachWaldstrasse 1074838 Limbach info@jsv-limbach-fahrenbach.de Vertretungsberechtigter Vorstand Maximilian Galm (Vorsitzender)Stefan Ferstl (Vorsitzender) Satzung Registergericht Amtsgericht MannheimRegisternummer: VR 702618 Datenschutzordnung Datenschutzbeauftragter Datenschutzbeauftragter des Sportkreis Mosbach e.V.dsb@sportkreis-mosbach.de Inhaltlich [&hellip;]<\/p>\n","protected":false},"author":2,"featured_media":0,"parent":0,"menu_order":0,"comment_status":"closed","ping_status":"closed","template":"templates\/template-full-width.php","meta":{"advanced_seo_description":"","jetpack_seo_html_title":"","jetpack_seo_noindex":false,"footnotes":""},"class_list":["post-16","page","type-page","status-publish","hentry"],"jetpack_sharing_enabled":true,"_links":{"self":[{"href":"https:\/\/jsv-lifa.de\/index.php?rest_route=\/wp\/v2\/pages\/16","targetHints":{"allow":["GET"]}}],"collection":[{"href":"https:\/\/jsv-lifa.de\/index.php?rest_route=\/wp\/v2\/pages"}],"about":[{"href":"https:\/\/jsv-lifa.de\/index.php?rest_route=\/wp\/v2\/types\/page"}],"author":[{"embeddable":true,"href":"https:\/\/jsv-lifa.de\/index.php?rest_route=\/wp\/v2\/users\/2"}],"replies":[{"embeddable":true,"href":"https:\/\/jsv-lifa.de\/index.php?rest_route=%2Fwp%2Fv2%2Fcomments&post=16"}],"version-history":[{"count":10,"href":"https:\/\/jsv-lifa.de\/index.php?rest_route=\/wp\/v2\/pages\/16\/revisions"}],"predecessor-version":[{"id":453,"href":"https:\/\/jsv-lifa.de\/index.php?rest_route=\/wp\/v2\/pages\/16\/revisions\/453"}],"wp:attachment":[{"href":"https:\/\/jsv-lifa.de\/index.php?rest_route=%2Fwp%2Fv2%2Fmedia&parent=16"}],"curies":[{"name":"wp","href":"https:\/\/api.w.org\/{rel}","templated":true}]}}