{"id":345,"date":"2024-06-01T22:14:03","date_gmt":"2024-06-01T20:14:03","guid":{"rendered":"https:\/\/jsv-lifa.de\/?page_id=345"},"modified":"2024-06-01T22:16:02","modified_gmt":"2024-06-01T20:16:02","slug":"ueber-uns","status":"publish","type":"page","link":"https:\/\/jsv-lifa.de\/?page_id=345","title":{"rendered":"\u00dcber uns"},"content":{"rendered":"\n<p>Wir sind ein engagierter Jugendfu\u00dfballverein, der sich der F\u00f6rderung und Entwicklung junger Talente verschrieben hat.<br>Unser Verein wurde im Jahr 2019 von 18 Gr\u00fcndungsmitgliedern ins Leben gerufen. Zuvor waren diese Vereine in einer Spielgemeinschaft zusammengeschlossen. Aufgrund der besseren Koordination und B\u00fcndelung der Jugendarbeit war die Idee zur Gr\u00fcndung des Jugendsportvereines geboren.<br>Unser Fokus liegt auf der Ausbildung von Kindern und Jugendlichen im Alter von 5 bis 19 Jahren, wobei wir Fu\u00dfball f\u00fcr alle Altersklassen anbieten.<br>Als Verein verfolgen wir das Ziel, unseren jungen Spielern nicht nur fu\u00dfballerische F\u00e4higkeiten beizubringen, sondern sie auch in ihrer pers\u00f6nlichen Entwicklung zu unterst\u00fctzen und ihnen wichtige Werte wie Teamgeist, Fairness und Respekt zu vermitteln. Unser Leitbild dient dabei als Grundlage f\u00fcr die Zusammenarbeit zwischen Trainern, Eltern und Spielern; und pr\u00e4gt unsere gemeinsamen Aktivit\u00e4ten.<br>Wir sind stolz darauf, dass sich unser Verein Jahr f\u00fcr Jahr weiterentwickelt und es uns gelingt, die Begeisterung f\u00fcr den Fu\u00dfballsport bei den Kindern und Jugendlichen unserer Region zu wecken.<br>Unser Verein ist Mitglied im Badischen Sportbund Nord e.V. (BSB Nord) und im Badischen Fu\u00dfballverband e.V<br>(bfv).<\/p>\n","protected":false},"excerpt":{"rendered":"<p>Wir sind ein engagierter Jugendfu\u00dfballverein, der sich der F\u00f6rderung und Entwicklung junger Talente verschrieben hat.Unser Verein wurde im Jahr 2019 von 18 Gr\u00fcndungsmitgliedern ins Leben gerufen. Zuvor waren diese Vereine [&hellip;]<\/p>\n","protected":false},"author":3,"featured_media":0,"parent":335,"menu_order":0,"comment_status":"closed","ping_status":"closed","template":"","meta":{"advanced_seo_description":"","jetpack_seo_html_title":"","jetpack_seo_noindex":false,"footnotes":""},"class_list":["post-345","page","type-page","status-publish","hentry"],"jetpack_sharing_enabled":true,"_links":{"self":[{"href":"https:\/\/jsv-lifa.de\/index.php?rest_route=\/wp\/v2\/pages\/345","targetHints":{"allow":["GET"]}}],"collection":[{"href":"https:\/\/jsv-lifa.de\/index.php?rest_route=\/wp\/v2\/pages"}],"about":[{"href":"https:\/\/jsv-lifa.de\/index.php?rest_route=\/wp\/v2\/types\/page"}],"author":[{"embeddable":true,"href":"https:\/\/jsv-lifa.de\/index.php?rest_route=\/wp\/v2\/users\/3"}],"replies":[{"embeddable":true,"href":"https:\/\/jsv-lifa.de\/index.php?rest_route=%2Fwp%2Fv2%2Fcomments&post=345"}],"version-history":[{"count":1,"href":"https:\/\/jsv-lifa.de\/index.php?rest_route=\/wp\/v2\/pages\/345\/revisions"}],"predecessor-version":[{"id":347,"href":"https:\/\/jsv-lifa.de\/index.php?rest_route=\/wp\/v2\/pages\/345\/revisions\/347"}],"up":[{"embeddable":true,"href":"https:\/\/jsv-lifa.de\/index.php?rest_route=\/wp\/v2\/pages\/335"}],"wp:attachment":[{"href":"https:\/\/jsv-lifa.de\/index.php?rest_route=%2Fwp%2Fv2%2Fmedia&parent=345"}],"curies":[{"name":"wp","href":"https:\/\/api.w.org\/{rel}","templated":true}]}}